{"id":797,"date":"2025-12-22T01:28:58","date_gmt":"2025-12-21T18:28:58","guid":{"rendered":"https:\/\/megafruit.vn\/?post_type=product&#038;p=797"},"modified":"2026-01-27T14:50:39","modified_gmt":"2026-01-27T07:50:39","slug":"chuoi-2","status":"publish","type":"product","link":"https:\/\/megafruitvn504.mbws.vn\/vi\/product\/chuoi-2\/","title":{"rendered":"Chu\u1ed1i"},"content":{"rendered":"<ul>\n<li>\u0110i\u1ec1u ki\u1ec7n b\u1ea3o qu\u1ea3n: \u2264 -18\u2103 ho\u1eb7c &lt; 10\u2103<\/li>\n<li>Th\u1eddi h\u1ea1n s\u1eed d\u1ee5ng: 12 th\u00e1ng (&lt; 10\u2103); 24 th\u00e1ng (\u2264 -18\u2103)<\/li>\n<li>Th\u1eddi h\u1ea1n s\u1eed d\u1ee5ng: 12 th\u00e1ng; 24 th\u00e1ng<\/li>\n<li>Quy c\u00e1ch \u0111\u00f3ng g\u00f3i: T\u00fai 5kg, 10kg, 20kg, 50kg, 200kg ho\u1eb7c theo y\u00eau c\u1ea7u<\/li>\n<li>M\u00f9a v\u1ee5 t\u1ea1i Vi\u1ec7t Nam: Quanh n\u0103m, s\u1ea3n l\u01b0\u1ee3ng \u1ed5n \u0111\u1ecbnh<\/li>\n<li>\u1ee8ng d\u1ee5ng: \u0110\u1ed3 u\u1ed1ng, kem, b\u00e1nh, th\u1ef1c ph\u1ea9m cho tr\u1ebb em<\/li>\n<\/ul>\n","protected":false},"excerpt":{"rendered":"<p>Chu\u1ed1i puree \u0111\u01b0\u1ee3c xay nhuy\u1ec5n t\u1eeb chu\u1ed1i ch\u00edn t\u1ef1 nhi\u00ean, k\u1ebft c\u1ea5u m\u1ecbn, v\u1ecb ng\u1ecdt d\u1ecbu, kh\u00f4ng s\u1eed d\u1ee5ng ph\u1ee5 gia.<\/p>\n","protected":false},"featured_media":646,"comment_status":"open","ping_status":"closed","template":"","meta":[],"product_brand":[],"product_cat":[38,91],"product_tag":[],"class_list":{"0":"post-797","1":"product","2":"type-product","3":"status-publish","4":"has-post-thumbnail","6":"product_cat-puree-juice-vi","7":"product_cat-chuoi","9":"first","10":"instock","11":"shipping-taxable","12":"product-type-simple"},"_links":{"self":[{"href":"https:\/\/megafruitvn504.mbws.vn\/vi\/wp-json\/wp\/v2\/product\/797","targetHints":{"allow":["GET"]}}],"collection":[{"href":"https:\/\/megafruitvn504.mbws.vn\/vi\/wp-json\/wp\/v2\/product"}],"about":[{"href":"https:\/\/megafruitvn504.mbws.vn\/vi\/wp-json\/wp\/v2\/types\/product"}],"replies":[{"embeddable":true,"href":"https:\/\/megafruitvn504.mbws.vn\/vi\/wp-json\/wp\/v2\/comments?post=797"}],"wp:featuredmedia":[{"embeddable":true,"href":"https:\/\/megafruitvn504.mbws.vn\/vi\/wp-json\/wp\/v2\/media\/646"}],"wp:attachment":[{"href":"https:\/\/megafruitvn504.mbws.vn\/vi\/wp-json\/wp\/v2\/media?parent=797"}],"wp:term":[{"taxonomy":"product_brand","embeddable":true,"href":"https:\/\/megafruitvn504.mbws.vn\/vi\/wp-json\/wp\/v2\/product_brand?post=797"},{"taxonomy":"product_cat","embeddable":true,"href":"https:\/\/megafruitvn504.mbws.vn\/vi\/wp-json\/wp\/v2\/product_cat?post=797"},{"taxonomy":"product_tag","embeddable":true,"href":"https:\/\/megafruitvn504.mbws.vn\/vi\/wp-json\/wp\/v2\/product_tag?post=797"}],"curies":[{"name":"wp","href":"https:\/\/api.w.org\/{rel}","templated":true}]}}