{"id":811,"date":"2025-12-22T10:20:18","date_gmt":"2025-12-22T03:20:18","guid":{"rendered":"https:\/\/megafruit.vn\/?post_type=product&#038;p=811"},"modified":"2026-01-27T15:40:22","modified_gmt":"2026-01-27T08:40:22","slug":"mit-dong-lanh","status":"publish","type":"product","link":"https:\/\/megafruitvn504.mbws.vn\/vi\/product\/mit-dong-lanh\/","title":{"rendered":"M\u00edt \u0110\u00f4ng L\u1ea1nh"},"content":{"rendered":"<ul>\n<li data-start=\"3038\" data-end=\"3056\">\n<p data-start=\"3040\" data-end=\"3056\">Brix: 20 \u2013 28\u00b0Bx<\/p>\n<\/li>\n<li data-start=\"3038\" data-end=\"3056\">\n<p data-start=\"3040\" data-end=\"3056\">M\u00f9a v\u1ee5: Th\u00e1ng 4 \u2013 9<\/p>\n<\/li>\n<li data-start=\"3038\" data-end=\"3056\">\n<p data-start=\"3040\" data-end=\"3056\">Quy c\u00e1ch: M\u00fai \/ c\u1eaft kh\u1ed1i<\/p>\n<\/li>\n<li data-start=\"3038\" data-end=\"3056\">\n<p data-start=\"3040\" data-end=\"3056\">HSD: 24 th\u00e1ng | B\u1ea3o qu\u1ea3n: \u2264 -18\u2103<\/p>\n<\/li>\n<li data-start=\"3038\" data-end=\"3056\">\n<p data-start=\"3040\" data-end=\"3056\">\u1ee8ng d\u1ee5ng: Tr\u00e1ng mi\u1ec7ng, th\u1ef1c ph\u1ea9m<\/p>\n<\/li>\n<\/ul>\n","protected":false},"excerpt":{"rendered":"<p>M\u00edt ch\u00edn ch\u1ecdn l\u1ecdc, m\u00f9i th\u01a1m \u0111\u1eadm, v\u1ecb ng\u1ecdt cao, m\u00e0u v\u00e0ng t\u1ef1 nhi\u00ean.<\/p>\n","protected":false},"featured_media":686,"comment_status":"open","ping_status":"closed","template":"","meta":[],"product_brand":[],"product_cat":[37,123],"product_tag":[],"class_list":{"0":"post-811","1":"product","2":"type-product","3":"status-publish","4":"has-post-thumbnail","6":"product_cat-trai-cay-dong-lanh","7":"product_cat-mit-dong-lanh","9":"first","10":"instock","11":"shipping-taxable","12":"product-type-simple"},"_links":{"self":[{"href":"https:\/\/megafruitvn504.mbws.vn\/vi\/wp-json\/wp\/v2\/product\/811","targetHints":{"allow":["GET"]}}],"collection":[{"href":"https:\/\/megafruitvn504.mbws.vn\/vi\/wp-json\/wp\/v2\/product"}],"about":[{"href":"https:\/\/megafruitvn504.mbws.vn\/vi\/wp-json\/wp\/v2\/types\/product"}],"replies":[{"embeddable":true,"href":"https:\/\/megafruitvn504.mbws.vn\/vi\/wp-json\/wp\/v2\/comments?post=811"}],"wp:featuredmedia":[{"embeddable":true,"href":"https:\/\/megafruitvn504.mbws.vn\/vi\/wp-json\/wp\/v2\/media\/686"}],"wp:attachment":[{"href":"https:\/\/megafruitvn504.mbws.vn\/vi\/wp-json\/wp\/v2\/media?parent=811"}],"wp:term":[{"taxonomy":"product_brand","embeddable":true,"href":"https:\/\/megafruitvn504.mbws.vn\/vi\/wp-json\/wp\/v2\/product_brand?post=811"},{"taxonomy":"product_cat","embeddable":true,"href":"https:\/\/megafruitvn504.mbws.vn\/vi\/wp-json\/wp\/v2\/product_cat?post=811"},{"taxonomy":"product_tag","embeddable":true,"href":"https:\/\/megafruitvn504.mbws.vn\/vi\/wp-json\/wp\/v2\/product_tag?post=811"}],"curies":[{"name":"wp","href":"https:\/\/api.w.org\/{rel}","templated":true}]}}